{"id":99,"date":"2015-04-02T13:02:32","date_gmt":"2015-04-02T12:02:32","guid":{"rendered":"http:\/\/pillandco.fr\/?page_id=99"},"modified":"2024-02-12T11:21:16","modified_gmt":"2024-02-12T10:21:16","slug":"des-liens-utiles","status":"publish","type":"page","link":"https:\/\/pillandco.fr\/?page_id=99","title":{"rendered":"Etude de march\u00e9"},"content":{"rendered":"\t\t<div data-elementor-type=\"wp-page\" data-elementor-id=\"99\" class=\"elementor elementor-99\">\n\t\t\t\t\t\t<section class=\"elementor-section elementor-top-section elementor-element elementor-element-373601e7 elementor-section-boxed elementor-section-height-default elementor-section-height-default\" data-id=\"373601e7\" data-element_type=\"section\" data-e-type=\"section\">\n\t\t\t\t\t\t<div class=\"elementor-container elementor-column-gap-default\">\n\t\t\t\t\t<div class=\"elementor-column elementor-col-100 elementor-top-column elementor-element elementor-element-6b45dd5c\" data-id=\"6b45dd5c\" data-element_type=\"column\" data-e-type=\"column\">\n\t\t\t<div class=\"elementor-widget-wrap elementor-element-populated\">\n\t\t\t\t\t\t<div class=\"elementor-element elementor-element-17aaa689 elementor-widget elementor-widget-text-editor\" data-id=\"17aaa689\" data-element_type=\"widget\" data-e-type=\"widget\" data-widget_type=\"text-editor.default\">\n\t\t\t\t<div class=\"elementor-widget-container\">\n\t\t\t\t\t\t\t\t\t<h1 dir=\"LTR\" align=\"CENTER\">Des sites incontournables pour :<\/h1><h2 style=\"text-align: center;\"><strong>D\u00e9velopper ses id\u00e9es :<\/strong><\/h2><h6 style=\"text-align: center;\">\u00a0<a href=\"https:\/\/www.bonjouridee.com\/\">https:\/\/www.bonjouridee.com\/ <\/a><\/h6><h6 style=\"text-align: center;\"><a href=\"https:\/\/business-builder.cci.fr\/guide-creation\/la-bonne-idee-de-creation-dentreprise\">https:\/\/business-builder.cci.fr\/guide-creation\/la-bonne-idee-de-creation-dentreprise<\/a><\/h6><h6 style=\"text-align: center;\"><a href=\"https:\/\/www.oberlo.fr\/blog\/idees-de-creation-d-entreprise-pour-gagner-de-l-argent\"> https:\/\/www.oberlo.fr\/blog\/idees-de-creation-d-entreprise-pour-gagner-de-l-argent<\/a><\/h6><h2 style=\"text-align: center;\">Obtenir des informations sur les aides et statuts :<\/h2><h6 style=\"text-align: center;\"><a href=\"https:\/\/hubentreprendre.laregion.fr\/\">Hub entreprendre en Occitanie\u00a0<\/a><\/h6><h6 style=\"text-align: center;\"><a href=\"https:\/\/www.reseau-entreprendre.org\/fr\/accueil\/\">R\u00e9seau Entreprendre en LR<\/a><\/h6><h6 style=\"text-align: center;\"><a href=\"https:\/\/les-aides.fr\/\">Les aides \u00e0 la cr\u00e9ation\/d\u00e9veloppement<\/a><\/h6><h6 style=\"text-align: center;\"><a href=\"https:\/\/www.entreprises.gouv.fr\/fr\">Portail gouvernemental des entreprises<\/a><\/h6><h6 style=\"text-align: center;\"><a href=\"https:\/\/www.autoentrepreneur.urssaf.fr\/portail\/accueil.html\">Site officiel de l\u2019Autoentrepreneur<\/a><\/h6><h6 style=\"text-align: center;\"><span style=\"color: #cc99ff;\"><a style=\"color: #cc99ff;\" href=\"https:\/\/bpifrance-creation.fr\/\">\u00a0https:\/\/bpifrance-creation.fr\u00a0<\/a><\/span><\/h6><h6 style=\"text-align: center;\"><a href=\"https:\/\/mon-entreprise.urssaf.fr\/\">Mon entreprise https:\/\/mon-entreprise.urssaf.fr\/<\/a><\/h6><h6 style=\"text-align: center;\"><a href=\"https:\/\/www.lecoindesentrepreneurs.fr\/etapes-cles-de-la-creation-d-entreprise\/\">Le coin des entrepreneurs<\/a><\/h6><h6 style=\"text-align: center;\"><a href=\"https:\/\/commentcreersonentreprise.fr\/index.php\">Comment cr\u00e9er son entreprise.fr<\/a><\/h6><h2 style=\"text-align: center;\"><strong>Elaborer mon Business Plan :<\/strong><\/h2><h6 style=\"text-align: center;\"><a href=\"https:\/\/www.adie.org\/mon-projet-d-entreprise\/\">https:\/\/www.adie.org\/mon-projet-d-entreprise\/<\/a><\/h6><h6 style=\"text-align: center;\"><a href=\"https:\/\/propulsebyca.fr\/mon-business-plan\"> https:\/\/propulsebyca.fr\/mon-business-plan<\/a><\/h6><h6 style=\"text-align: center;\"><a href=\"https:\/\/www.creer-mon-business-plan.fr\/evaluation\"> Cr\u00e9er mon business plan.fr<\/a><\/h6><h6 style=\"text-align: center;\"><a href=\"https:\/\/propulsebyca.fr\/business-plan\">Je suis entrepreneur.fr<\/a><\/h6><h6 style=\"text-align: center;\"><a href=\"https:\/\/www.thebusinessplanshop.com\/blog\/fr\/entry\/modele_business_plan\"> The Business Plan Shop.com<\/a><\/h6><h6 style=\"text-align: center;\"><a href=\"https:\/\/www.bic-montpellier.com\/fr\/notre-offre\/montpellier-business-plan\"> Montpellier Business Plan.com<\/a><\/h6><h6 style=\"text-align: center;\"><a href=\"http:\/\/www.my-business-plan.fr\/\"> My Business Plan.fr<\/a><\/h6><h2 style=\"text-align: center;\">Faire une \u00e9tude de march\u00e9<\/h2><h6 style=\"text-align: center;\"><a href=\"https:\/\/www.creatests.com\/guide-etude-de-marche-pour-creation-d-entreprise\">Creatests.com<\/a><\/h6><h6 style=\"text-align: center;\"><a href=\"https:\/\/bpifrance-creation.fr\/librairie\/\">www.bpifrance-creation.fr<\/a><\/h6><h6 style=\"text-align: center;\"><a href=\"https:\/\/www.insee.fr\/fr\/accueil\">l\u2019INSEE (Institut National de la Statistique et des Etudes Economiques)<\/a><\/h6><h6 style=\"text-align: center;\"><a href=\"https:\/\/www.insee.fr\/fr\/information\/3291202\"> https:\/\/www.insee.fr\/fr\/information\/3291202<\/a><\/h6><h6 style=\"text-align: center;\"><a href=\"https:\/\/www.inpi.fr\/\">l\u2019INPI (Institut National de la Propri\u00e9t\u00e9 Intellectuelle)<\/a><\/h6><h6 style=\"text-align: center;\"><a href=\"https:\/\/www.credoc.fr\/\"> le CREDOC (Centre de REcherche et de DOCumentation sur les conditions de la vie)<\/a><\/h6><h6 style=\"text-align: center;\"><a href=\"http:\/\/www.inc60.fr\/\"> l\u2019INC (Institut National de la Consommation) https:\/\/www.inc-conso.fr\/<\/a><\/h6><h6 style=\"text-align: center;\"><a href=\"https:\/\/www.google.com\/forms\/about\/?utm_source=product&amp;utm_medium=forms_confirmation&amp;utm_campaign=forms\">Google Forms<\/a><\/h6><h2 style=\"text-align: center;\"><strong>Pr\u00e9parer mon dossier financier (pr\u00e9visionnels)<\/strong><\/h2><h6 style=\"text-align: center;\"><a href=\"http:\/\/www.gessiprevision.fr\/\">Gessi Pr\u00e9vision.fr<\/a><\/h6><h6 style=\"text-align: center;\"><a href=\"https:\/\/www.adie.org\/mon-projet-d-entreprise\/\"> https:\/\/www.adie.org\/mon-projet-d-entreprise\/<\/a><\/h6><h6 style=\"text-align: center;\"><a href=\"https:\/\/www.lamaisondelentrepreneur.com\/questions-reponses\/business-plan-pour-micro-entrepreneur\/\"> Maison de l\u2019entrepreneur<\/a><\/h6><h6 style=\"text-align: center;\"><a href=\"https:\/\/www.macompta.fr\/creation-entreprise\/index\"> Ma compta.fr<\/a><\/h6><h6 style=\"text-align: center;\"><a href=\"https:\/\/www.petite-entreprise.net\/P-100-88-G1-previsionnel-modeles-de-previsionnels.html\"> Petites entreprises.net<\/a><\/h6><h2 style=\"text-align: center;\">Commencer mon activit\u00e9 sans surcout (factures, devis et communication)<\/h2><h6 style=\"text-align: center;\"><a href=\"https:\/\/www.logitheque.com\/logiciels\/windows\/comptabilite_gestion\/aide_creation_entreprise\/http:\/www.gessiprevision.fr\/\">Logith\u00e8que.com<\/a><\/h6><h6 style=\"text-align: center;\"><a href=\"https:\/\/www.logitheque.com\/\"> https:\/\/www.logitheque.com\/<\/a><\/h6><h6 style=\"text-align: center;\"><a href=\"http:\/\/www.fisy.fr\/telecharger\/\"> Fisy.fr<\/a><\/h6><h6 style=\"text-align: center;\"><a href=\"https:\/\/invoicehome.com\/?locale=fr\"> https:\/\/invoicehome.com\/?locale=fr<\/a><\/h6><h6 style=\"text-align: center;\"><a href=\"https:\/\/www.coover.fr\/outils\/modele-facture\"> https:\/\/www.coover.fr\/outils\/modele-facture<\/a><\/h6><h6 style=\"text-align: center;\"><a href=\"http:\/\/www.parchance.fr\/facture\/\"> http:\/\/www.parchance.fr\/facture\/<\/a><\/h6><h6 style=\"text-align: center;\"><a href=\"https:\/\/www.invoicesimple.com\/fr\/facture-en-ligne\"> https:\/\/www.invoicesimple.com\/fr\/facture-en-ligne<\/a><\/h6><h6 style=\"text-align: center;\"><a href=\"https:\/\/www.canva.com\/fr_fr\/\">https:\/\/www.canva.com\/fr_fr\/<\/a><\/h6><h2 style=\"text-align: center;\">\u00catre bien documenter pour bien ma\u00eetriser mon sujet<\/h2><p style=\"text-align: center;\"><strong>Les organismes et syndicats professionnels,<\/strong><\/p><p style=\"text-align: center;\"><strong>Les services \u00e9conomiques des collectivit\u00e9s territoriales et des mairies,<\/strong><\/p><p style=\"text-align: center;\"><strong>Les Chambres de commerce et d\u2019industrie (CCI) et Chambres des m\u00e9tiers (CMA),<\/strong><\/p><p style=\"text-align: center;\"><strong>Les revues professionnelles et \u00e9conomiques, et sites Internet sp\u00e9cialis\u00e9s,<\/strong><\/p><p style=\"text-align: center;\"><strong>Les biblioth\u00e8ques et les centres de documentation,<\/strong><\/p><p style=\"text-align: center;\"><strong>Mais aussi aller sur le terrain pour faire son enqu\u00eate et ses propres observations.<\/strong><\/p>\t\t\t\t\t\t\t\t<\/div>\n\t\t\t\t<\/div>\n\t\t\t\t\t<\/div>\n\t\t<\/div>\n\t\t\t\t\t<\/div>\n\t\t<\/section>\n\t\t\t\t<\/div>\n\t\t","protected":false},"excerpt":{"rendered":"<p>Des sites incontournables pour : D\u00e9velopper ses id\u00e9es : \u00a0https:\/\/www.bonjouridee.com\/ https:\/\/business-builder.cci.fr\/guide-creation\/la-bonne-idee-de-creation-dentreprise https:\/\/www.oberlo.fr\/blog\/idees-de-creation-d-entreprise-pour-gagner-de-l-argent Obtenir des informations sur les aides et statuts : Hub entreprendre en Occitanie\u00a0 R\u00e9seau Entreprendre en LR Les aides \u00e0 la cr\u00e9ation\/d\u00e9veloppement Portail gouvernemental des entreprises Site officiel de l\u2019Autoentrepreneur \u00a0https:\/\/bpifrance-creation.fr\u00a0 Mon entreprise https:\/\/mon-entreprise.urssaf.fr\/ Le coin des entrepreneurs Comment cr\u00e9er son entreprise.fr Elaborer &hellip; <\/p>\n","protected":false},"author":1,"featured_media":0,"parent":9,"menu_order":2,"comment_status":"closed","ping_status":"closed","template":"","meta":{"footnotes":""},"class_list":["post-99","page","type-page","status-publish","hentry"],"yoast_head":"<!-- This site is optimized with the Yoast SEO plugin v22.2 - https:\/\/yoast.com\/wordpress\/plugins\/seo\/ -->\n<title>Etude de march\u00e9 - Pill and Co<\/title>\n<meta name=\"robots\" content=\"index, follow, max-snippet:-1, max-image-preview:large, max-video-preview:-1\" \/>\n<link rel=\"canonical\" href=\"https:\/\/pillandco.fr\/?page_id=99\" \/>\n<meta property=\"og:locale\" content=\"fr_FR\" \/>\n<meta property=\"og:type\" content=\"article\" \/>\n<meta property=\"og:title\" content=\"Etude de march\u00e9 - Pill and Co\" \/>\n<meta property=\"og:description\" content=\"Des sites incontournables pour : D\u00e9velopper ses id\u00e9es : \u00a0https:\/\/www.bonjouridee.com\/ https:\/\/business-builder.cci.fr\/guide-creation\/la-bonne-idee-de-creation-dentreprise https:\/\/www.oberlo.fr\/blog\/idees-de-creation-d-entreprise-pour-gagner-de-l-argent Obtenir des informations sur les aides et statuts : Hub entreprendre en Occitanie\u00a0 R\u00e9seau Entreprendre en LR Les aides \u00e0 la cr\u00e9ation\/d\u00e9veloppement Portail gouvernemental des entreprises Site officiel de l\u2019Autoentrepreneur \u00a0https:\/\/bpifrance-creation.fr\u00a0 Mon entreprise https:\/\/mon-entreprise.urssaf.fr\/ Le coin des entrepreneurs Comment cr\u00e9er son entreprise.fr Elaborer &hellip;\" \/>\n<meta property=\"og:url\" content=\"https:\/\/pillandco.fr\/?page_id=99\" \/>\n<meta property=\"og:site_name\" content=\"Pill and Co\" \/>\n<meta property=\"article:publisher\" content=\"https:\/\/www.facebook.com\/www.pillandco.fr\/\" \/>\n<meta property=\"article:modified_time\" content=\"2024-02-12T10:21:16+00:00\" \/>\n<meta name=\"twitter:card\" content=\"summary_large_image\" \/>\n<meta name=\"twitter:label1\" content=\"Dur\u00e9e de lecture estim\u00e9e\" \/>\n\t<meta name=\"twitter:data1\" content=\"2 minutes\" \/>\n<script type=\"application\/ld+json\" class=\"yoast-schema-graph\">{\"@context\":\"https:\/\/schema.org\",\"@graph\":[{\"@type\":\"WebPage\",\"@id\":\"https:\/\/pillandco.fr\/?page_id=99\",\"url\":\"https:\/\/pillandco.fr\/?page_id=99\",\"name\":\"Etude de march\u00e9 - Pill and Co\",\"isPartOf\":{\"@id\":\"https:\/\/pillandco.fr\/#website\"},\"datePublished\":\"2015-04-02T12:02:32+00:00\",\"dateModified\":\"2024-02-12T10:21:16+00:00\",\"breadcrumb\":{\"@id\":\"https:\/\/pillandco.fr\/?page_id=99#breadcrumb\"},\"inLanguage\":\"fr-FR\",\"potentialAction\":[{\"@type\":\"ReadAction\",\"target\":[\"https:\/\/pillandco.fr\/?page_id=99\"]}]},{\"@type\":\"BreadcrumbList\",\"@id\":\"https:\/\/pillandco.fr\/?page_id=99#breadcrumb\",\"itemListElement\":[{\"@type\":\"ListItem\",\"position\":1,\"name\":\"Accueil\",\"item\":\"https:\/\/pillandco.fr\/\"},{\"@type\":\"ListItem\",\"position\":2,\"name\":\"Espace entrepreneuriat\",\"item\":\"https:\/\/pillandco.fr\/?page_id=9\"},{\"@type\":\"ListItem\",\"position\":3,\"name\":\"Etude de march\u00e9\"}]},{\"@type\":\"WebSite\",\"@id\":\"https:\/\/pillandco.fr\/#website\",\"url\":\"https:\/\/pillandco.fr\/\",\"name\":\"Pill and Co\",\"description\":\"&quot;The Place to be ! &quot; des entrepreneurs gardois\",\"publisher\":{\"@id\":\"https:\/\/pillandco.fr\/#organization\"},\"alternateName\":\"leo lagrange\",\"potentialAction\":[{\"@type\":\"SearchAction\",\"target\":{\"@type\":\"EntryPoint\",\"urlTemplate\":\"https:\/\/pillandco.fr\/?s={search_term_string}\"},\"query-input\":\"required name=search_term_string\"}],\"inLanguage\":\"fr-FR\"},{\"@type\":\"Organization\",\"@id\":\"https:\/\/pillandco.fr\/#organization\",\"name\":\"Pill and Co\",\"alternateName\":\"P\u00e9pini\u00e8re d'initiatives L\u00e9o Lagrange\",\"url\":\"https:\/\/pillandco.fr\/\",\"logo\":{\"@type\":\"ImageObject\",\"inLanguage\":\"fr-FR\",\"@id\":\"https:\/\/pillandco.fr\/#\/schema\/logo\/image\/\",\"url\":\"https:\/\/pillandco.fr\/wp-content\/uploads\/2015\/02\/cropped-logo_335x167px-1.png\",\"contentUrl\":\"https:\/\/pillandco.fr\/wp-content\/uploads\/2015\/02\/cropped-logo_335x167px-1.png\",\"width\":283,\"height\":167,\"caption\":\"Pill and Co\"},\"image\":{\"@id\":\"https:\/\/pillandco.fr\/#\/schema\/logo\/image\/\"},\"sameAs\":[\"https:\/\/www.facebook.com\/www.pillandco.fr\/\",\"https:\/\/www.instagram.com\/pillandco\/\"]}]}<\/script>\n<!-- \/ Yoast SEO plugin. -->","yoast_head_json":{"title":"Etude de march\u00e9 - Pill and Co","robots":{"index":"index","follow":"follow","max-snippet":"max-snippet:-1","max-image-preview":"max-image-preview:large","max-video-preview":"max-video-preview:-1"},"canonical":"https:\/\/pillandco.fr\/?page_id=99","og_locale":"fr_FR","og_type":"article","og_title":"Etude de march\u00e9 - Pill and Co","og_description":"Des sites incontournables pour : D\u00e9velopper ses id\u00e9es : \u00a0https:\/\/www.bonjouridee.com\/ https:\/\/business-builder.cci.fr\/guide-creation\/la-bonne-idee-de-creation-dentreprise https:\/\/www.oberlo.fr\/blog\/idees-de-creation-d-entreprise-pour-gagner-de-l-argent Obtenir des informations sur les aides et statuts : Hub entreprendre en Occitanie\u00a0 R\u00e9seau Entreprendre en LR Les aides \u00e0 la cr\u00e9ation\/d\u00e9veloppement Portail gouvernemental des entreprises Site officiel de l\u2019Autoentrepreneur \u00a0https:\/\/bpifrance-creation.fr\u00a0 Mon entreprise https:\/\/mon-entreprise.urssaf.fr\/ Le coin des entrepreneurs Comment cr\u00e9er son entreprise.fr Elaborer &hellip;","og_url":"https:\/\/pillandco.fr\/?page_id=99","og_site_name":"Pill and Co","article_publisher":"https:\/\/www.facebook.com\/www.pillandco.fr\/","article_modified_time":"2024-02-12T10:21:16+00:00","twitter_card":"summary_large_image","twitter_misc":{"Dur\u00e9e de lecture estim\u00e9e":"2 minutes"},"schema":{"@context":"https:\/\/schema.org","@graph":[{"@type":"WebPage","@id":"https:\/\/pillandco.fr\/?page_id=99","url":"https:\/\/pillandco.fr\/?page_id=99","name":"Etude de march\u00e9 - Pill and Co","isPartOf":{"@id":"https:\/\/pillandco.fr\/#website"},"datePublished":"2015-04-02T12:02:32+00:00","dateModified":"2024-02-12T10:21:16+00:00","breadcrumb":{"@id":"https:\/\/pillandco.fr\/?page_id=99#breadcrumb"},"inLanguage":"fr-FR","potentialAction":[{"@type":"ReadAction","target":["https:\/\/pillandco.fr\/?page_id=99"]}]},{"@type":"BreadcrumbList","@id":"https:\/\/pillandco.fr\/?page_id=99#breadcrumb","itemListElement":[{"@type":"ListItem","position":1,"name":"Accueil","item":"https:\/\/pillandco.fr\/"},{"@type":"ListItem","position":2,"name":"Espace entrepreneuriat","item":"https:\/\/pillandco.fr\/?page_id=9"},{"@type":"ListItem","position":3,"name":"Etude de march\u00e9"}]},{"@type":"WebSite","@id":"https:\/\/pillandco.fr\/#website","url":"https:\/\/pillandco.fr\/","name":"Pill and Co","description":"&quot;The Place to be ! &quot; des entrepreneurs gardois","publisher":{"@id":"https:\/\/pillandco.fr\/#organization"},"alternateName":"leo lagrange","potentialAction":[{"@type":"SearchAction","target":{"@type":"EntryPoint","urlTemplate":"https:\/\/pillandco.fr\/?s={search_term_string}"},"query-input":"required name=search_term_string"}],"inLanguage":"fr-FR"},{"@type":"Organization","@id":"https:\/\/pillandco.fr\/#organization","name":"Pill and Co","alternateName":"P\u00e9pini\u00e8re d'initiatives L\u00e9o Lagrange","url":"https:\/\/pillandco.fr\/","logo":{"@type":"ImageObject","inLanguage":"fr-FR","@id":"https:\/\/pillandco.fr\/#\/schema\/logo\/image\/","url":"https:\/\/pillandco.fr\/wp-content\/uploads\/2015\/02\/cropped-logo_335x167px-1.png","contentUrl":"https:\/\/pillandco.fr\/wp-content\/uploads\/2015\/02\/cropped-logo_335x167px-1.png","width":283,"height":167,"caption":"Pill and Co"},"image":{"@id":"https:\/\/pillandco.fr\/#\/schema\/logo\/image\/"},"sameAs":["https:\/\/www.facebook.com\/www.pillandco.fr\/","https:\/\/www.instagram.com\/pillandco\/"]}]}},"_links":{"self":[{"href":"https:\/\/pillandco.fr\/index.php?rest_route=\/wp\/v2\/pages\/99","targetHints":{"allow":["GET"]}}],"collection":[{"href":"https:\/\/pillandco.fr\/index.php?rest_route=\/wp\/v2\/pages"}],"about":[{"href":"https:\/\/pillandco.fr\/index.php?rest_route=\/wp\/v2\/types\/page"}],"author":[{"embeddable":true,"href":"https:\/\/pillandco.fr\/index.php?rest_route=\/wp\/v2\/users\/1"}],"replies":[{"embeddable":true,"href":"https:\/\/pillandco.fr\/index.php?rest_route=%2Fwp%2Fv2%2Fcomments&post=99"}],"version-history":[{"count":83,"href":"https:\/\/pillandco.fr\/index.php?rest_route=\/wp\/v2\/pages\/99\/revisions"}],"predecessor-version":[{"id":2038,"href":"https:\/\/pillandco.fr\/index.php?rest_route=\/wp\/v2\/pages\/99\/revisions\/2038"}],"up":[{"embeddable":true,"href":"https:\/\/pillandco.fr\/index.php?rest_route=\/wp\/v2\/pages\/9"}],"wp:attachment":[{"href":"https:\/\/pillandco.fr\/index.php?rest_route=%2Fwp%2Fv2%2Fmedia&parent=99"}],"curies":[{"name":"wp","href":"https:\/\/api.w.org\/{rel}","templated":true}]}}