{"id":24,"date":"2015-02-23T13:49:55","date_gmt":"2015-02-23T12:49:55","guid":{"rendered":"http:\/\/pillandco.fr\/?page_id=24"},"modified":"2024-02-14T17:20:03","modified_gmt":"2024-02-14T16:20:03","slug":"contactez-nous","status":"publish","type":"page","link":"https:\/\/pillandco.fr\/?page_id=24","title":{"rendered":"Contactez nous"},"content":{"rendered":"\t\t<div data-elementor-type=\"wp-page\" data-elementor-id=\"24\" class=\"elementor elementor-24\">\n\t\t\t\t<div class=\"elementor-element elementor-element-bfcbbdd e-flex e-con-boxed e-con e-parent\" data-id=\"bfcbbdd\" data-element_type=\"container\" data-e-type=\"container\">\n\t\t\t\t\t<div class=\"e-con-inner\">\n\t\t<div class=\"elementor-element elementor-element-8413c4a e-con-full e-flex e-con e-child\" data-id=\"8413c4a\" data-element_type=\"container\" data-e-type=\"container\">\n\t\t\t\t<div class=\"elementor-element elementor-element-001bef9 elementor-widget elementor-widget-image\" data-id=\"001bef9\" data-element_type=\"widget\" data-e-type=\"widget\" data-widget_type=\"image.default\">\n\t\t\t\t<div class=\"elementor-widget-container\">\n\t\t\t\t\t\t\t\t\t\t\t\t\t\t\t<img decoding=\"async\" width=\"150\" height=\"150\" src=\"https:\/\/pillandco.fr\/wp-content\/uploads\/2020\/02\/cropped-ampoule-150x150.png\" class=\"attachment-thumbnail size-thumbnail wp-image-517\" alt=\"\" srcset=\"https:\/\/pillandco.fr\/wp-content\/uploads\/2020\/02\/cropped-ampoule-150x150.png 150w, https:\/\/pillandco.fr\/wp-content\/uploads\/2020\/02\/cropped-ampoule-300x300.png 300w, https:\/\/pillandco.fr\/wp-content\/uploads\/2020\/02\/cropped-ampoule-270x270.png 270w, https:\/\/pillandco.fr\/wp-content\/uploads\/2020\/02\/cropped-ampoule-192x192.png 192w, https:\/\/pillandco.fr\/wp-content\/uploads\/2020\/02\/cropped-ampoule-180x180.png 180w, https:\/\/pillandco.fr\/wp-content\/uploads\/2020\/02\/cropped-ampoule-32x32.png 32w, https:\/\/pillandco.fr\/wp-content\/uploads\/2020\/02\/cropped-ampoule.png 512w\" sizes=\"(max-width: 150px) 100vw, 150px\" \/>\t\t\t\t\t\t\t\t\t\t\t\t\t\t\t<\/div>\n\t\t\t\t<\/div>\n\t\t\t\t<div class=\"elementor-element elementor-element-cf9da44 elementor-widget elementor-widget-heading\" data-id=\"cf9da44\" data-element_type=\"widget\" data-e-type=\"widget\" data-widget_type=\"heading.default\">\n\t\t\t\t<div class=\"elementor-widget-container\">\n\t\t\t\t\t<p class=\"elementor-heading-title elementor-size-default\">Besoin d'autres informations? De r\u00e9server un espace ou de participer \u00e0 un atelier ? <br>Contactez nous au 04.66.24.42.67 ou accueil.pill@leolagrange.org<br><br><b>Nos bureaux sont ouverts : <br><\/b>Du lundi au jeudi de 8h30 \u00e0 12h30 et de 13h30 \u00e0 17h30<br>Le vendredi de 8h30 \u00e0 12h30<\/p>\t\t\t\t<\/div>\n\t\t\t\t<\/div>\n\t\t\t\t<\/div>\n\t\t\t\t\t<\/div>\n\t\t\t\t<\/div>\n\t\t<div class=\"elementor-element elementor-element-f6cbfb1 e-flex e-con-boxed e-con e-parent\" data-id=\"f6cbfb1\" data-element_type=\"container\" data-e-type=\"container\">\n\t\t\t\t\t<div class=\"e-con-inner\">\n\t\t<div class=\"elementor-element elementor-element-51d7542 e-con-full e-flex e-con e-child\" data-id=\"51d7542\" data-element_type=\"container\" data-e-type=\"container\">\n\t\t\t\t<div class=\"elementor-element elementor-element-ed2861a elementor-widget elementor-widget-google_maps\" data-id=\"ed2861a\" data-element_type=\"widget\" data-e-type=\"widget\" data-widget_type=\"google_maps.default\">\n\t\t\t\t<div class=\"elementor-widget-container\">\n\t\t\t\t\t\t\t<div class=\"elementor-custom-embed\">\n\t\t\t<iframe loading=\"lazy\"\n\t\t\t\t\tsrc=\"https:\/\/maps.google.com\/maps?q=46%20bis%20boulevard%20gambetta&#038;t=m&#038;z=10&#038;output=embed&#038;iwloc=near\"\n\t\t\t\t\ttitle=\"46 bis boulevard gambetta\"\n\t\t\t\t\taria-label=\"46 bis boulevard gambetta\"\n\t\t\t><\/iframe>\n\t\t<\/div>\n\t\t\t\t\t\t<\/div>\n\t\t\t\t<\/div>\n\t\t\t\t<\/div>\n\t\t\t\t\t<\/div>\n\t\t\t\t<\/div>\n\t\t<div class=\"elementor-element elementor-element-af9ec9a e-flex e-con-boxed e-con e-parent\" data-id=\"af9ec9a\" data-element_type=\"container\" data-e-type=\"container\">\n\t\t\t\t\t<div class=\"e-con-inner\">\n\t\t<div class=\"elementor-element elementor-element-90d5a3a e-con-full e-flex e-con e-child\" data-id=\"90d5a3a\" data-element_type=\"container\" data-e-type=\"container\">\n\t\t\t\t<div class=\"elementor-element elementor-element-2b93549 elementor-widget elementor-widget-heading\" data-id=\"2b93549\" data-element_type=\"widget\" data-e-type=\"widget\" data-widget_type=\"heading.default\">\n\t\t\t\t<div class=\"elementor-widget-container\">\n\t\t\t\t\t<h2 class=\"elementor-heading-title elementor-size-large\">N'en perdez plus une miette ... suivez-nous sur les r\u00e9seaux !<\/h2>\t\t\t\t<\/div>\n\t\t\t\t<\/div>\n\t\t\t\t<\/div>\n\t\t\t\t\t<\/div>\n\t\t\t\t<\/div>\n\t\t\t\t<section class=\"elementor-section elementor-top-section elementor-element elementor-element-318226b elementor-section-boxed elementor-section-height-default elementor-section-height-default\" data-id=\"318226b\" data-element_type=\"section\" data-e-type=\"section\">\n\t\t\t\t\t\t<div class=\"elementor-container elementor-column-gap-default\">\n\t\t\t\t\t<div class=\"elementor-column elementor-col-33 elementor-top-column elementor-element elementor-element-3c78e69\" data-id=\"3c78e69\" data-element_type=\"column\" data-e-type=\"column\">\n\t\t\t<div class=\"elementor-widget-wrap elementor-element-populated\">\n\t\t\t\t\t\t<div class=\"elementor-element elementor-element-00be606 elementor-view-default elementor-widget elementor-widget-icon\" data-id=\"00be606\" data-element_type=\"widget\" data-e-type=\"widget\" data-widget_type=\"icon.default\">\n\t\t\t\t<div class=\"elementor-widget-container\">\n\t\t\t\t\t\t\t<div class=\"elementor-icon-wrapper\">\n\t\t\t<a class=\"elementor-icon\" href=\"https:\/\/www.facebook.com\/www.pillandco.fr\/\">\n\t\t\t<svg aria-hidden=\"true\" class=\"e-font-icon-svg e-fab-facebook-square\" viewBox=\"0 0 448 512\" xmlns=\"http:\/\/www.w3.org\/2000\/svg\"><path d=\"M400 32H48A48 48 0 0 0 0 80v352a48 48 0 0 0 48 48h137.25V327.69h-63V256h63v-54.64c0-62.15 37-96.48 93.67-96.48 27.14 0 55.52 4.84 55.52 4.84v61h-31.27c-30.81 0-40.42 19.12-40.42 38.73V256h68.78l-11 71.69h-57.78V480H400a48 48 0 0 0 48-48V80a48 48 0 0 0-48-48z\"><\/path><\/svg>\t\t\t<\/a>\n\t\t<\/div>\n\t\t\t\t\t\t<\/div>\n\t\t\t\t<\/div>\n\t\t\t\t\t<\/div>\n\t\t<\/div>\n\t\t\t\t<div class=\"elementor-column elementor-col-33 elementor-top-column elementor-element elementor-element-e725a36\" data-id=\"e725a36\" data-element_type=\"column\" data-e-type=\"column\">\n\t\t\t<div class=\"elementor-widget-wrap elementor-element-populated\">\n\t\t\t\t\t\t<div class=\"elementor-element elementor-element-497537f elementor-view-default elementor-widget elementor-widget-icon\" data-id=\"497537f\" data-element_type=\"widget\" data-e-type=\"widget\" data-widget_type=\"icon.default\">\n\t\t\t\t<div class=\"elementor-widget-container\">\n\t\t\t\t\t\t\t<div class=\"elementor-icon-wrapper\">\n\t\t\t<a class=\"elementor-icon\" href=\"https:\/\/r.search.yahoo.com\/_ylt=Awr.jaJ4MSRkKyYHZ7Qk24lQ;_ylu=Y29sbwNpcjIEcG9zAzEEdnRpZAMEc2VjA3Ny\/RV=2\/RE=1680122361\/RO=10\/RU=https%3a%2f%2fwww.instagram.com%2fpillandco%2f\/RK=2\/RS=d1c7ygPTBQt8TaLyVNUoOpm.xt8-\">\n\t\t\t<svg aria-hidden=\"true\" class=\"e-font-icon-svg e-fab-instagram\" viewBox=\"0 0 448 512\" xmlns=\"http:\/\/www.w3.org\/2000\/svg\"><path d=\"M224.1 141c-63.6 0-114.9 51.3-114.9 114.9s51.3 114.9 114.9 114.9S339 319.5 339 255.9 287.7 141 224.1 141zm0 189.6c-41.1 0-74.7-33.5-74.7-74.7s33.5-74.7 74.7-74.7 74.7 33.5 74.7 74.7-33.6 74.7-74.7 74.7zm146.4-194.3c0 14.9-12 26.8-26.8 26.8-14.9 0-26.8-12-26.8-26.8s12-26.8 26.8-26.8 26.8 12 26.8 26.8zm76.1 27.2c-1.7-35.9-9.9-67.7-36.2-93.9-26.2-26.2-58-34.4-93.9-36.2-37-2.1-147.9-2.1-184.9 0-35.8 1.7-67.6 9.9-93.9 36.1s-34.4 58-36.2 93.9c-2.1 37-2.1 147.9 0 184.9 1.7 35.9 9.9 67.7 36.2 93.9s58 34.4 93.9 36.2c37 2.1 147.9 2.1 184.9 0 35.9-1.7 67.7-9.9 93.9-36.2 26.2-26.2 34.4-58 36.2-93.9 2.1-37 2.1-147.8 0-184.8zM398.8 388c-7.8 19.6-22.9 34.7-42.6 42.6-29.5 11.7-99.5 9-132.1 9s-102.7 2.6-132.1-9c-19.6-7.8-34.7-22.9-42.6-42.6-11.7-29.5-9-99.5-9-132.1s-2.6-102.7 9-132.1c7.8-19.6 22.9-34.7 42.6-42.6 29.5-11.7 99.5-9 132.1-9s102.7-2.6 132.1 9c19.6 7.8 34.7 22.9 42.6 42.6 11.7 29.5 9 99.5 9 132.1s2.7 102.7-9 132.1z\"><\/path><\/svg>\t\t\t<\/a>\n\t\t<\/div>\n\t\t\t\t\t\t<\/div>\n\t\t\t\t<\/div>\n\t\t\t\t\t<\/div>\n\t\t<\/div>\n\t\t\t\t<div class=\"elementor-column elementor-col-33 elementor-top-column elementor-element elementor-element-1656e3b\" data-id=\"1656e3b\" data-element_type=\"column\" data-e-type=\"column\">\n\t\t\t<div class=\"elementor-widget-wrap elementor-element-populated\">\n\t\t\t\t\t\t<div class=\"elementor-element elementor-element-5165c72 elementor-view-default elementor-widget elementor-widget-icon\" data-id=\"5165c72\" data-element_type=\"widget\" data-e-type=\"widget\" data-widget_type=\"icon.default\">\n\t\t\t\t<div class=\"elementor-widget-container\">\n\t\t\t\t\t\t\t<div class=\"elementor-icon-wrapper\">\n\t\t\t<a class=\"elementor-icon\" href=\"https:\/\/fr.linkedin.com\/in\/pillandco-p%C3%A9pini%C3%A8re-d-initiatives-1b9b27262\">\n\t\t\t<svg aria-hidden=\"true\" class=\"e-font-icon-svg e-fab-linkedin\" viewBox=\"0 0 448 512\" xmlns=\"http:\/\/www.w3.org\/2000\/svg\"><path d=\"M416 32H31.9C14.3 32 0 46.5 0 64.3v383.4C0 465.5 14.3 480 31.9 480H416c17.6 0 32-14.5 32-32.3V64.3c0-17.8-14.4-32.3-32-32.3zM135.4 416H69V202.2h66.5V416zm-33.2-243c-21.3 0-38.5-17.3-38.5-38.5S80.9 96 102.2 96c21.2 0 38.5 17.3 38.5 38.5 0 21.3-17.2 38.5-38.5 38.5zm282.1 243h-66.4V312c0-24.8-.5-56.7-34.5-56.7-34.6 0-39.9 27-39.9 54.9V416h-66.4V202.2h63.7v29.2h.9c8.9-16.8 30.6-34.5 62.9-34.5 67.2 0 79.7 44.3 79.7 101.9V416z\"><\/path><\/svg>\t\t\t<\/a>\n\t\t<\/div>\n\t\t\t\t\t\t<\/div>\n\t\t\t\t<\/div>\n\t\t\t\t\t<\/div>\n\t\t<\/div>\n\t\t\t\t\t<\/div>\n\t\t<\/section>\n\t\t\t\t<\/div>\n\t\t","protected":false},"excerpt":{"rendered":"<p>Besoin d&rsquo;autres informations? De r\u00e9server un espace ou de participer \u00e0 un atelier ? Contactez nous au 04.66.24.42.67 ou accueil.pill@leolagrange.org Nos bureaux sont ouverts : Du lundi au jeudi de 8h30 \u00e0 12h30 et de 13h30 \u00e0 17h30Le vendredi de 8h30 \u00e0 12h30 N&rsquo;en perdez plus une miette &#8230; suivez-nous sur les r\u00e9seaux !<\/p>\n","protected":false},"author":1,"featured_media":941,"parent":0,"menu_order":0,"comment_status":"closed","ping_status":"closed","template":"elementor_theme","meta":{"footnotes":""},"class_list":["post-24","page","type-page","status-publish","has-post-thumbnail","hentry"],"yoast_head":"<!-- This site is optimized with the Yoast SEO plugin v22.2 - https:\/\/yoast.com\/wordpress\/plugins\/seo\/ -->\n<title>Contactez nous - Pill and Co<\/title>\n<meta name=\"robots\" content=\"index, follow, max-snippet:-1, max-image-preview:large, max-video-preview:-1\" \/>\n<link rel=\"canonical\" href=\"https:\/\/pillandco.fr\/?page_id=24\" \/>\n<meta property=\"og:locale\" content=\"fr_FR\" \/>\n<meta property=\"og:type\" content=\"article\" \/>\n<meta property=\"og:title\" content=\"Contactez nous - Pill and Co\" \/>\n<meta property=\"og:description\" content=\"Besoin d&rsquo;autres informations? De r\u00e9server un espace ou de participer \u00e0 un atelier ? Contactez nous au 04.66.24.42.67 ou accueil.pill@leolagrange.org Nos bureaux sont ouverts : Du lundi au jeudi de 8h30 \u00e0 12h30 et de 13h30 \u00e0 17h30Le vendredi de 8h30 \u00e0 12h30 N&rsquo;en perdez plus une miette &#8230; suivez-nous sur les r\u00e9seaux !\" \/>\n<meta property=\"og:url\" content=\"https:\/\/pillandco.fr\/?page_id=24\" \/>\n<meta property=\"og:site_name\" content=\"Pill and Co\" \/>\n<meta property=\"article:publisher\" content=\"https:\/\/www.facebook.com\/www.pillandco.fr\/\" \/>\n<meta property=\"article:modified_time\" content=\"2024-02-14T16:20:03+00:00\" \/>\n<meta property=\"og:image\" content=\"https:\/\/pillandco.fr\/wp-content\/uploads\/2023\/03\/Slide1-01-01-02-scaled.jpg\" \/>\n\t<meta property=\"og:image:width\" content=\"2560\" \/>\n\t<meta property=\"og:image:height\" content=\"933\" \/>\n\t<meta property=\"og:image:type\" content=\"image\/jpeg\" \/>\n<meta name=\"twitter:card\" content=\"summary_large_image\" \/>\n<script type=\"application\/ld+json\" class=\"yoast-schema-graph\">{\"@context\":\"https:\/\/schema.org\",\"@graph\":[{\"@type\":\"WebPage\",\"@id\":\"https:\/\/pillandco.fr\/?page_id=24\",\"url\":\"https:\/\/pillandco.fr\/?page_id=24\",\"name\":\"Contactez nous - Pill and Co\",\"isPartOf\":{\"@id\":\"https:\/\/pillandco.fr\/#website\"},\"primaryImageOfPage\":{\"@id\":\"https:\/\/pillandco.fr\/?page_id=24#primaryimage\"},\"image\":{\"@id\":\"https:\/\/pillandco.fr\/?page_id=24#primaryimage\"},\"thumbnailUrl\":\"https:\/\/pillandco.fr\/wp-content\/uploads\/2023\/03\/Slide1-01-01-02-scaled.jpg\",\"datePublished\":\"2015-02-23T12:49:55+00:00\",\"dateModified\":\"2024-02-14T16:20:03+00:00\",\"breadcrumb\":{\"@id\":\"https:\/\/pillandco.fr\/?page_id=24#breadcrumb\"},\"inLanguage\":\"fr-FR\",\"potentialAction\":[{\"@type\":\"ReadAction\",\"target\":[\"https:\/\/pillandco.fr\/?page_id=24\"]}]},{\"@type\":\"ImageObject\",\"inLanguage\":\"fr-FR\",\"@id\":\"https:\/\/pillandco.fr\/?page_id=24#primaryimage\",\"url\":\"https:\/\/pillandco.fr\/wp-content\/uploads\/2023\/03\/Slide1-01-01-02-scaled.jpg\",\"contentUrl\":\"https:\/\/pillandco.fr\/wp-content\/uploads\/2023\/03\/Slide1-01-01-02-scaled.jpg\",\"width\":2560,\"height\":933},{\"@type\":\"BreadcrumbList\",\"@id\":\"https:\/\/pillandco.fr\/?page_id=24#breadcrumb\",\"itemListElement\":[{\"@type\":\"ListItem\",\"position\":1,\"name\":\"Accueil\",\"item\":\"https:\/\/pillandco.fr\/\"},{\"@type\":\"ListItem\",\"position\":2,\"name\":\"Contactez nous\"}]},{\"@type\":\"WebSite\",\"@id\":\"https:\/\/pillandco.fr\/#website\",\"url\":\"https:\/\/pillandco.fr\/\",\"name\":\"Pill and Co\",\"description\":\"&quot;The Place to be ! &quot; des entrepreneurs gardois\",\"publisher\":{\"@id\":\"https:\/\/pillandco.fr\/#organization\"},\"alternateName\":\"leo lagrange\",\"potentialAction\":[{\"@type\":\"SearchAction\",\"target\":{\"@type\":\"EntryPoint\",\"urlTemplate\":\"https:\/\/pillandco.fr\/?s={search_term_string}\"},\"query-input\":\"required name=search_term_string\"}],\"inLanguage\":\"fr-FR\"},{\"@type\":\"Organization\",\"@id\":\"https:\/\/pillandco.fr\/#organization\",\"name\":\"Pill and Co\",\"alternateName\":\"P\u00e9pini\u00e8re d'initiatives L\u00e9o Lagrange\",\"url\":\"https:\/\/pillandco.fr\/\",\"logo\":{\"@type\":\"ImageObject\",\"inLanguage\":\"fr-FR\",\"@id\":\"https:\/\/pillandco.fr\/#\/schema\/logo\/image\/\",\"url\":\"https:\/\/pillandco.fr\/wp-content\/uploads\/2015\/02\/cropped-logo_335x167px-1.png\",\"contentUrl\":\"https:\/\/pillandco.fr\/wp-content\/uploads\/2015\/02\/cropped-logo_335x167px-1.png\",\"width\":283,\"height\":167,\"caption\":\"Pill and Co\"},\"image\":{\"@id\":\"https:\/\/pillandco.fr\/#\/schema\/logo\/image\/\"},\"sameAs\":[\"https:\/\/www.facebook.com\/www.pillandco.fr\/\",\"https:\/\/www.instagram.com\/pillandco\/\"]}]}<\/script>\n<!-- \/ Yoast SEO plugin. -->","yoast_head_json":{"title":"Contactez nous - Pill and Co","robots":{"index":"index","follow":"follow","max-snippet":"max-snippet:-1","max-image-preview":"max-image-preview:large","max-video-preview":"max-video-preview:-1"},"canonical":"https:\/\/pillandco.fr\/?page_id=24","og_locale":"fr_FR","og_type":"article","og_title":"Contactez nous - Pill and Co","og_description":"Besoin d&rsquo;autres informations? De r\u00e9server un espace ou de participer \u00e0 un atelier ? Contactez nous au 04.66.24.42.67 ou accueil.pill@leolagrange.org Nos bureaux sont ouverts : Du lundi au jeudi de 8h30 \u00e0 12h30 et de 13h30 \u00e0 17h30Le vendredi de 8h30 \u00e0 12h30 N&rsquo;en perdez plus une miette &#8230; suivez-nous sur les r\u00e9seaux !","og_url":"https:\/\/pillandco.fr\/?page_id=24","og_site_name":"Pill and Co","article_publisher":"https:\/\/www.facebook.com\/www.pillandco.fr\/","article_modified_time":"2024-02-14T16:20:03+00:00","og_image":[{"width":2560,"height":933,"url":"https:\/\/pillandco.fr\/wp-content\/uploads\/2023\/03\/Slide1-01-01-02-scaled.jpg","type":"image\/jpeg"}],"twitter_card":"summary_large_image","schema":{"@context":"https:\/\/schema.org","@graph":[{"@type":"WebPage","@id":"https:\/\/pillandco.fr\/?page_id=24","url":"https:\/\/pillandco.fr\/?page_id=24","name":"Contactez nous - Pill and Co","isPartOf":{"@id":"https:\/\/pillandco.fr\/#website"},"primaryImageOfPage":{"@id":"https:\/\/pillandco.fr\/?page_id=24#primaryimage"},"image":{"@id":"https:\/\/pillandco.fr\/?page_id=24#primaryimage"},"thumbnailUrl":"https:\/\/pillandco.fr\/wp-content\/uploads\/2023\/03\/Slide1-01-01-02-scaled.jpg","datePublished":"2015-02-23T12:49:55+00:00","dateModified":"2024-02-14T16:20:03+00:00","breadcrumb":{"@id":"https:\/\/pillandco.fr\/?page_id=24#breadcrumb"},"inLanguage":"fr-FR","potentialAction":[{"@type":"ReadAction","target":["https:\/\/pillandco.fr\/?page_id=24"]}]},{"@type":"ImageObject","inLanguage":"fr-FR","@id":"https:\/\/pillandco.fr\/?page_id=24#primaryimage","url":"https:\/\/pillandco.fr\/wp-content\/uploads\/2023\/03\/Slide1-01-01-02-scaled.jpg","contentUrl":"https:\/\/pillandco.fr\/wp-content\/uploads\/2023\/03\/Slide1-01-01-02-scaled.jpg","width":2560,"height":933},{"@type":"BreadcrumbList","@id":"https:\/\/pillandco.fr\/?page_id=24#breadcrumb","itemListElement":[{"@type":"ListItem","position":1,"name":"Accueil","item":"https:\/\/pillandco.fr\/"},{"@type":"ListItem","position":2,"name":"Contactez nous"}]},{"@type":"WebSite","@id":"https:\/\/pillandco.fr\/#website","url":"https:\/\/pillandco.fr\/","name":"Pill and Co","description":"&quot;The Place to be ! &quot; des entrepreneurs gardois","publisher":{"@id":"https:\/\/pillandco.fr\/#organization"},"alternateName":"leo lagrange","potentialAction":[{"@type":"SearchAction","target":{"@type":"EntryPoint","urlTemplate":"https:\/\/pillandco.fr\/?s={search_term_string}"},"query-input":"required name=search_term_string"}],"inLanguage":"fr-FR"},{"@type":"Organization","@id":"https:\/\/pillandco.fr\/#organization","name":"Pill and Co","alternateName":"P\u00e9pini\u00e8re d'initiatives L\u00e9o Lagrange","url":"https:\/\/pillandco.fr\/","logo":{"@type":"ImageObject","inLanguage":"fr-FR","@id":"https:\/\/pillandco.fr\/#\/schema\/logo\/image\/","url":"https:\/\/pillandco.fr\/wp-content\/uploads\/2015\/02\/cropped-logo_335x167px-1.png","contentUrl":"https:\/\/pillandco.fr\/wp-content\/uploads\/2015\/02\/cropped-logo_335x167px-1.png","width":283,"height":167,"caption":"Pill and Co"},"image":{"@id":"https:\/\/pillandco.fr\/#\/schema\/logo\/image\/"},"sameAs":["https:\/\/www.facebook.com\/www.pillandco.fr\/","https:\/\/www.instagram.com\/pillandco\/"]}]}},"_links":{"self":[{"href":"https:\/\/pillandco.fr\/index.php?rest_route=\/wp\/v2\/pages\/24","targetHints":{"allow":["GET"]}}],"collection":[{"href":"https:\/\/pillandco.fr\/index.php?rest_route=\/wp\/v2\/pages"}],"about":[{"href":"https:\/\/pillandco.fr\/index.php?rest_route=\/wp\/v2\/types\/page"}],"author":[{"embeddable":true,"href":"https:\/\/pillandco.fr\/index.php?rest_route=\/wp\/v2\/users\/1"}],"replies":[{"embeddable":true,"href":"https:\/\/pillandco.fr\/index.php?rest_route=%2Fwp%2Fv2%2Fcomments&post=24"}],"version-history":[{"count":43,"href":"https:\/\/pillandco.fr\/index.php?rest_route=\/wp\/v2\/pages\/24\/revisions"}],"predecessor-version":[{"id":2159,"href":"https:\/\/pillandco.fr\/index.php?rest_route=\/wp\/v2\/pages\/24\/revisions\/2159"}],"wp:featuredmedia":[{"embeddable":true,"href":"https:\/\/pillandco.fr\/index.php?rest_route=\/wp\/v2\/media\/941"}],"wp:attachment":[{"href":"https:\/\/pillandco.fr\/index.php?rest_route=%2Fwp%2Fv2%2Fmedia&parent=24"}],"curies":[{"name":"wp","href":"https:\/\/api.w.org\/{rel}","templated":true}]}}