{"id":1261,"date":"2023-05-22T11:22:00","date_gmt":"2023-05-22T10:22:00","guid":{"rendered":"https:\/\/pillandco.fr\/?page_id=1261"},"modified":"2024-02-14T14:07:24","modified_gmt":"2024-02-14T13:07:24","slug":"actualites","status":"publish","type":"page","link":"https:\/\/pillandco.fr\/?page_id=1261","title":{"rendered":"Actualit\u00e9s"},"content":{"rendered":"\t\t<div data-elementor-type=\"wp-page\" data-elementor-id=\"1261\" class=\"elementor elementor-1261\">\n\t\t\t\t<div class=\"elementor-element elementor-element-f6f6acd e-flex e-con-boxed e-con e-parent\" data-id=\"f6f6acd\" data-element_type=\"container\" data-e-type=\"container\">\n\t\t\t\t\t<div class=\"e-con-inner\">\n\t\t<div class=\"elementor-element elementor-element-1b050c4 e-con-full e-flex e-con e-child\" data-id=\"1b050c4\" data-element_type=\"container\" data-e-type=\"container\">\n\t\t\t\t<div class=\"elementor-element elementor-element-35bf590 elementor-widget elementor-widget-image\" data-id=\"35bf590\" data-element_type=\"widget\" data-e-type=\"widget\" data-widget_type=\"image.default\">\n\t\t\t\t<div class=\"elementor-widget-container\">\n\t\t\t\t\t\t\t\t\t\t\t\t\t\t\t<img fetchpriority=\"high\" decoding=\"async\" width=\"810\" height=\"500\" src=\"https:\/\/pillandco.fr\/wp-content\/uploads\/2024\/01\/2022-6-810x500.png\" class=\"attachment-blossom-coach-with-sidebar size-blossom-coach-with-sidebar wp-image-1824\" alt=\"\" \/>\t\t\t\t\t\t\t\t\t\t\t\t\t\t\t<\/div>\n\t\t\t\t<\/div>\n\t\t\t\t<div class=\"elementor-element elementor-element-41de1c1 elementor-button-info elementor-align-center elementor-widget elementor-widget-button\" data-id=\"41de1c1\" data-element_type=\"widget\" data-e-type=\"widget\" data-widget_type=\"button.default\">\n\t\t\t\t<div class=\"elementor-widget-container\">\n\t\t\t\t\t\t\t\t\t<div class=\"elementor-button-wrapper\">\n\t\t\t\t\t<a class=\"elementor-button elementor-button-link elementor-size-xs\" href=\"https:\/\/pillandco.fr\/?p=1898\">\n\t\t\t\t\t\t<span class=\"elementor-button-content-wrapper\">\n\t\t\t\t\t\t\t\t\t<span class=\"elementor-button-text\">ACTUALITES<\/span>\n\t\t\t\t\t<\/span>\n\t\t\t\t\t<\/a>\n\t\t\t\t<\/div>\n\t\t\t\t\t\t\t\t<\/div>\n\t\t\t\t<\/div>\n\t\t\t\t<\/div>\n\t\t<div class=\"elementor-element elementor-element-b177ec9 e-con-full e-flex e-con e-child\" data-id=\"b177ec9\" data-element_type=\"container\" data-e-type=\"container\">\n\t\t\t\t<div class=\"elementor-element elementor-element-22c5038 elementor-widget elementor-widget-image\" data-id=\"22c5038\" data-element_type=\"widget\" data-e-type=\"widget\" data-widget_type=\"image.default\">\n\t\t\t\t<div class=\"elementor-widget-container\">\n\t\t\t\t\t\t\t\t\t\t\t\t\t\t\t<img decoding=\"async\" width=\"810\" height=\"500\" src=\"https:\/\/pillandco.fr\/wp-content\/uploads\/2024\/01\/2022-12-810x500.png\" class=\"attachment-blossom-coach-with-sidebar size-blossom-coach-with-sidebar wp-image-1854\" alt=\"\" \/>\t\t\t\t\t\t\t\t\t\t\t\t\t\t\t<\/div>\n\t\t\t\t<\/div>\n\t\t\t\t<div class=\"elementor-element elementor-element-0990d26 elementor-align-center elementor-widget elementor-widget-button\" data-id=\"0990d26\" data-element_type=\"widget\" data-e-type=\"widget\" data-widget_type=\"button.default\">\n\t\t\t\t<div class=\"elementor-widget-container\">\n\t\t\t\t\t\t\t\t\t<div class=\"elementor-button-wrapper\">\n\t\t\t\t\t<a class=\"elementor-button elementor-button-link elementor-size-xs\" href=\"https:\/\/pillandco.fr\/?p=1913\">\n\t\t\t\t\t\t<span class=\"elementor-button-content-wrapper\">\n\t\t\t\t\t\t\t\t\t<span class=\"elementor-button-text\">ACTUALITES<\/span>\n\t\t\t\t\t<\/span>\n\t\t\t\t\t<\/a>\n\t\t\t\t<\/div>\n\t\t\t\t\t\t\t\t<\/div>\n\t\t\t\t<\/div>\n\t\t\t\t<\/div>\n\t\t<div class=\"elementor-element elementor-element-b6fe735 e-con-full e-flex e-con e-child\" data-id=\"b6fe735\" data-element_type=\"container\" data-e-type=\"container\">\n\t\t\t\t<div class=\"elementor-element elementor-element-e99f4d9 elementor-widget elementor-widget-image\" data-id=\"e99f4d9\" data-element_type=\"widget\" data-e-type=\"widget\" data-widget_type=\"image.default\">\n\t\t\t\t<div class=\"elementor-widget-container\">\n\t\t\t\t\t\t\t\t\t\t\t\t\t\t\t<img decoding=\"async\" width=\"810\" height=\"500\" src=\"https:\/\/pillandco.fr\/wp-content\/uploads\/2024\/01\/2022-7-810x500.png\" class=\"attachment-blossom-coach-with-sidebar size-blossom-coach-with-sidebar wp-image-1838\" alt=\"\" \/>\t\t\t\t\t\t\t\t\t\t\t\t\t\t\t<\/div>\n\t\t\t\t<\/div>\n\t\t\t\t<div class=\"elementor-element elementor-element-d942bb0 elementor-align-center elementor-widget elementor-widget-button\" data-id=\"d942bb0\" data-element_type=\"widget\" data-e-type=\"widget\" data-widget_type=\"button.default\">\n\t\t\t\t<div class=\"elementor-widget-container\">\n\t\t\t\t\t\t\t\t\t<div class=\"elementor-button-wrapper\">\n\t\t\t\t\t<a class=\"elementor-button elementor-button-link elementor-size-xs\" href=\"\">\n\t\t\t\t\t\t<span class=\"elementor-button-content-wrapper\">\n\t\t\t\t\t\t\t\t\t<span class=\"elementor-button-text\">ACTUALITES<\/span>\n\t\t\t\t\t<\/span>\n\t\t\t\t\t<\/a>\n\t\t\t\t<\/div>\n\t\t\t\t\t\t\t\t<\/div>\n\t\t\t\t<\/div>\n\t\t\t\t<\/div>\n\t\t<div class=\"elementor-element elementor-element-5152f5d e-con-full e-flex e-con e-child\" data-id=\"5152f5d\" data-element_type=\"container\" data-e-type=\"container\">\n\t\t\t\t<div class=\"elementor-element elementor-element-e3f382d elementor-widget elementor-widget-image\" data-id=\"e3f382d\" data-element_type=\"widget\" data-e-type=\"widget\" data-widget_type=\"image.default\">\n\t\t\t\t<div class=\"elementor-widget-container\">\n\t\t\t\t\t\t\t\t\t\t\t\t\t\t\t<img loading=\"lazy\" decoding=\"async\" width=\"810\" height=\"500\" src=\"https:\/\/pillandco.fr\/wp-content\/uploads\/2024\/01\/2022-8-810x500.png\" class=\"attachment-blossom-coach-with-sidebar size-blossom-coach-with-sidebar wp-image-1843\" alt=\"\" \/>\t\t\t\t\t\t\t\t\t\t\t\t\t\t\t<\/div>\n\t\t\t\t<\/div>\n\t\t\t\t<div class=\"elementor-element elementor-element-c987dae elementor-align-center elementor-widget elementor-widget-button\" data-id=\"c987dae\" data-element_type=\"widget\" data-e-type=\"widget\" data-widget_type=\"button.default\">\n\t\t\t\t<div class=\"elementor-widget-container\">\n\t\t\t\t\t\t\t\t\t<div class=\"elementor-button-wrapper\">\n\t\t\t\t\t<a class=\"elementor-button elementor-button-link elementor-size-xs\" href=\"https:\/\/pillandco.fr\/?p=1947\">\n\t\t\t\t\t\t<span class=\"elementor-button-content-wrapper\">\n\t\t\t\t\t\t\t\t\t<span class=\"elementor-button-text\">ACTUALITES<\/span>\n\t\t\t\t\t<\/span>\n\t\t\t\t\t<\/a>\n\t\t\t\t<\/div>\n\t\t\t\t\t\t\t\t<\/div>\n\t\t\t\t<\/div>\n\t\t\t\t<\/div>\n\t\t<div class=\"elementor-element elementor-element-10858c9 e-con-full e-flex e-con e-child\" data-id=\"10858c9\" data-element_type=\"container\" data-e-type=\"container\">\n\t\t\t\t<div class=\"elementor-element elementor-element-8aae368 elementor-widget elementor-widget-image\" data-id=\"8aae368\" data-element_type=\"widget\" data-e-type=\"widget\" data-widget_type=\"image.default\">\n\t\t\t\t<div class=\"elementor-widget-container\">\n\t\t\t\t\t\t\t\t\t\t\t\t\t\t\t<img loading=\"lazy\" decoding=\"async\" width=\"810\" height=\"500\" src=\"https:\/\/pillandco.fr\/wp-content\/uploads\/2024\/01\/2022-10-810x500.png\" class=\"attachment-blossom-coach-with-sidebar size-blossom-coach-with-sidebar wp-image-1848\" alt=\"\" \/>\t\t\t\t\t\t\t\t\t\t\t\t\t\t\t<\/div>\n\t\t\t\t<\/div>\n\t\t\t\t<div class=\"elementor-element elementor-element-4215845 elementor-align-center elementor-widget elementor-widget-button\" data-id=\"4215845\" data-element_type=\"widget\" data-e-type=\"widget\" data-widget_type=\"button.default\">\n\t\t\t\t<div class=\"elementor-widget-container\">\n\t\t\t\t\t\t\t\t\t<div class=\"elementor-button-wrapper\">\n\t\t\t\t\t<a class=\"elementor-button elementor-button-link elementor-size-xs\" href=\"#\">\n\t\t\t\t\t\t<span class=\"elementor-button-content-wrapper\">\n\t\t\t\t\t\t\t\t\t<span class=\"elementor-button-text\">ACTUALITES<\/span>\n\t\t\t\t\t<\/span>\n\t\t\t\t\t<\/a>\n\t\t\t\t<\/div>\n\t\t\t\t\t\t\t\t<\/div>\n\t\t\t\t<\/div>\n\t\t\t\t<\/div>\n\t\t<div class=\"elementor-element elementor-element-f375708 e-con-full e-flex e-con e-child\" data-id=\"f375708\" data-element_type=\"container\" data-e-type=\"container\">\n\t\t\t\t<div class=\"elementor-element elementor-element-3d7f94a elementor-widget elementor-widget-image\" data-id=\"3d7f94a\" data-element_type=\"widget\" data-e-type=\"widget\" data-widget_type=\"image.default\">\n\t\t\t\t<div class=\"elementor-widget-container\">\n\t\t\t\t\t\t\t\t\t\t\t\t\t\t\t<img loading=\"lazy\" decoding=\"async\" width=\"810\" height=\"500\" src=\"https:\/\/pillandco.fr\/wp-content\/uploads\/2024\/01\/2022-11-810x500.png\" class=\"attachment-blossom-coach-with-sidebar size-blossom-coach-with-sidebar wp-image-1847\" alt=\"\" \/>\t\t\t\t\t\t\t\t\t\t\t\t\t\t\t<\/div>\n\t\t\t\t<\/div>\n\t\t\t\t<div class=\"elementor-element elementor-element-8140bde elementor-align-center elementor-widget elementor-widget-button\" data-id=\"8140bde\" data-element_type=\"widget\" data-e-type=\"widget\" data-widget_type=\"button.default\">\n\t\t\t\t<div class=\"elementor-widget-container\">\n\t\t\t\t\t\t\t\t\t<div class=\"elementor-button-wrapper\">\n\t\t\t\t\t<a class=\"elementor-button elementor-button-link elementor-size-xs\" href=\"https:\/\/pillandco.fr\/?p=1987\">\n\t\t\t\t\t\t<span class=\"elementor-button-content-wrapper\">\n\t\t\t\t\t\t\t\t\t<span class=\"elementor-button-text\">ACTUALITES<\/span>\n\t\t\t\t\t<\/span>\n\t\t\t\t\t<\/a>\n\t\t\t\t<\/div>\n\t\t\t\t\t\t\t\t<\/div>\n\t\t\t\t<\/div>\n\t\t\t\t<\/div>\n\t\t\t\t\t<\/div>\n\t\t\t\t<\/div>\n\t\t<div class=\"elementor-element elementor-element-e6ed9c4 e-flex e-con-boxed e-con e-parent\" data-id=\"e6ed9c4\" data-element_type=\"container\" data-e-type=\"container\">\n\t\t\t\t\t<div class=\"e-con-inner\">\n\t\t\t\t\t<\/div>\n\t\t\t\t<\/div>\n\t\t\t\t<\/div>\n\t\t","protected":false},"excerpt":{"rendered":"<p>ACTUALITES ACTUALITES ACTUALITES ACTUALITES ACTUALITES ACTUALITES<\/p>\n","protected":false},"author":1,"featured_media":0,"parent":0,"menu_order":0,"comment_status":"closed","ping_status":"closed","template":"","meta":{"footnotes":""},"class_list":["post-1261","page","type-page","status-publish","hentry"],"yoast_head":"<!-- This site is optimized with the Yoast SEO plugin v22.2 - https:\/\/yoast.com\/wordpress\/plugins\/seo\/ -->\n<title>Actualit\u00e9s - Pill and Co<\/title>\n<meta name=\"robots\" content=\"index, follow, max-snippet:-1, max-image-preview:large, max-video-preview:-1\" \/>\n<link rel=\"canonical\" href=\"https:\/\/pillandco.fr\/?page_id=1261\" \/>\n<meta property=\"og:locale\" content=\"fr_FR\" \/>\n<meta property=\"og:type\" content=\"article\" \/>\n<meta property=\"og:title\" content=\"Actualit\u00e9s - Pill and Co\" \/>\n<meta property=\"og:description\" content=\"ACTUALITES ACTUALITES ACTUALITES ACTUALITES ACTUALITES ACTUALITES\" \/>\n<meta property=\"og:url\" content=\"https:\/\/pillandco.fr\/?page_id=1261\" \/>\n<meta property=\"og:site_name\" content=\"Pill and Co\" \/>\n<meta property=\"article:publisher\" content=\"https:\/\/www.facebook.com\/www.pillandco.fr\/\" \/>\n<meta property=\"article:modified_time\" content=\"2024-02-14T13:07:24+00:00\" \/>\n<meta property=\"og:image\" content=\"https:\/\/pillandco.fr\/wp-content\/uploads\/2024\/01\/2022-6-810x500.png\" \/>\n<meta name=\"twitter:card\" content=\"summary_large_image\" \/>\n<meta name=\"twitter:label1\" content=\"Dur\u00e9e de lecture estim\u00e9e\" \/>\n\t<meta name=\"twitter:data1\" content=\"8 minutes\" \/>\n<script type=\"application\/ld+json\" class=\"yoast-schema-graph\">{\"@context\":\"https:\/\/schema.org\",\"@graph\":[{\"@type\":\"WebPage\",\"@id\":\"https:\/\/pillandco.fr\/?page_id=1261\",\"url\":\"https:\/\/pillandco.fr\/?page_id=1261\",\"name\":\"Actualit\u00e9s - Pill and Co\",\"isPartOf\":{\"@id\":\"https:\/\/pillandco.fr\/#website\"},\"primaryImageOfPage\":{\"@id\":\"https:\/\/pillandco.fr\/?page_id=1261#primaryimage\"},\"image\":{\"@id\":\"https:\/\/pillandco.fr\/?page_id=1261#primaryimage\"},\"thumbnailUrl\":\"https:\/\/pillandco.fr\/wp-content\/uploads\/2024\/01\/2022-6-810x500.png\",\"datePublished\":\"2023-05-22T10:22:00+00:00\",\"dateModified\":\"2024-02-14T13:07:24+00:00\",\"breadcrumb\":{\"@id\":\"https:\/\/pillandco.fr\/?page_id=1261#breadcrumb\"},\"inLanguage\":\"fr-FR\",\"potentialAction\":[{\"@type\":\"ReadAction\",\"target\":[\"https:\/\/pillandco.fr\/?page_id=1261\"]}]},{\"@type\":\"ImageObject\",\"inLanguage\":\"fr-FR\",\"@id\":\"https:\/\/pillandco.fr\/?page_id=1261#primaryimage\",\"url\":\"https:\/\/pillandco.fr\/wp-content\/uploads\/2024\/01\/2022-6.png\",\"contentUrl\":\"https:\/\/pillandco.fr\/wp-content\/uploads\/2024\/01\/2022-6.png\",\"width\":1080,\"height\":1080},{\"@type\":\"BreadcrumbList\",\"@id\":\"https:\/\/pillandco.fr\/?page_id=1261#breadcrumb\",\"itemListElement\":[{\"@type\":\"ListItem\",\"position\":1,\"name\":\"Accueil\",\"item\":\"https:\/\/pillandco.fr\/\"},{\"@type\":\"ListItem\",\"position\":2,\"name\":\"Actualit\u00e9s\"}]},{\"@type\":\"WebSite\",\"@id\":\"https:\/\/pillandco.fr\/#website\",\"url\":\"https:\/\/pillandco.fr\/\",\"name\":\"Pill and Co\",\"description\":\"&quot;The Place to be ! &quot; des entrepreneurs gardois\",\"publisher\":{\"@id\":\"https:\/\/pillandco.fr\/#organization\"},\"alternateName\":\"leo lagrange\",\"potentialAction\":[{\"@type\":\"SearchAction\",\"target\":{\"@type\":\"EntryPoint\",\"urlTemplate\":\"https:\/\/pillandco.fr\/?s={search_term_string}\"},\"query-input\":\"required name=search_term_string\"}],\"inLanguage\":\"fr-FR\"},{\"@type\":\"Organization\",\"@id\":\"https:\/\/pillandco.fr\/#organization\",\"name\":\"Pill and Co\",\"alternateName\":\"P\u00e9pini\u00e8re d'initiatives L\u00e9o Lagrange\",\"url\":\"https:\/\/pillandco.fr\/\",\"logo\":{\"@type\":\"ImageObject\",\"inLanguage\":\"fr-FR\",\"@id\":\"https:\/\/pillandco.fr\/#\/schema\/logo\/image\/\",\"url\":\"https:\/\/pillandco.fr\/wp-content\/uploads\/2015\/02\/cropped-logo_335x167px-1.png\",\"contentUrl\":\"https:\/\/pillandco.fr\/wp-content\/uploads\/2015\/02\/cropped-logo_335x167px-1.png\",\"width\":283,\"height\":167,\"caption\":\"Pill and Co\"},\"image\":{\"@id\":\"https:\/\/pillandco.fr\/#\/schema\/logo\/image\/\"},\"sameAs\":[\"https:\/\/www.facebook.com\/www.pillandco.fr\/\",\"https:\/\/www.instagram.com\/pillandco\/\"]}]}<\/script>\n<!-- \/ Yoast SEO plugin. -->","yoast_head_json":{"title":"Actualit\u00e9s - Pill and Co","robots":{"index":"index","follow":"follow","max-snippet":"max-snippet:-1","max-image-preview":"max-image-preview:large","max-video-preview":"max-video-preview:-1"},"canonical":"https:\/\/pillandco.fr\/?page_id=1261","og_locale":"fr_FR","og_type":"article","og_title":"Actualit\u00e9s - Pill and Co","og_description":"ACTUALITES ACTUALITES ACTUALITES ACTUALITES ACTUALITES ACTUALITES","og_url":"https:\/\/pillandco.fr\/?page_id=1261","og_site_name":"Pill and Co","article_publisher":"https:\/\/www.facebook.com\/www.pillandco.fr\/","article_modified_time":"2024-02-14T13:07:24+00:00","og_image":[{"url":"https:\/\/pillandco.fr\/wp-content\/uploads\/2024\/01\/2022-6-810x500.png"}],"twitter_card":"summary_large_image","twitter_misc":{"Dur\u00e9e de lecture estim\u00e9e":"8 minutes"},"schema":{"@context":"https:\/\/schema.org","@graph":[{"@type":"WebPage","@id":"https:\/\/pillandco.fr\/?page_id=1261","url":"https:\/\/pillandco.fr\/?page_id=1261","name":"Actualit\u00e9s - Pill and Co","isPartOf":{"@id":"https:\/\/pillandco.fr\/#website"},"primaryImageOfPage":{"@id":"https:\/\/pillandco.fr\/?page_id=1261#primaryimage"},"image":{"@id":"https:\/\/pillandco.fr\/?page_id=1261#primaryimage"},"thumbnailUrl":"https:\/\/pillandco.fr\/wp-content\/uploads\/2024\/01\/2022-6-810x500.png","datePublished":"2023-05-22T10:22:00+00:00","dateModified":"2024-02-14T13:07:24+00:00","breadcrumb":{"@id":"https:\/\/pillandco.fr\/?page_id=1261#breadcrumb"},"inLanguage":"fr-FR","potentialAction":[{"@type":"ReadAction","target":["https:\/\/pillandco.fr\/?page_id=1261"]}]},{"@type":"ImageObject","inLanguage":"fr-FR","@id":"https:\/\/pillandco.fr\/?page_id=1261#primaryimage","url":"https:\/\/pillandco.fr\/wp-content\/uploads\/2024\/01\/2022-6.png","contentUrl":"https:\/\/pillandco.fr\/wp-content\/uploads\/2024\/01\/2022-6.png","width":1080,"height":1080},{"@type":"BreadcrumbList","@id":"https:\/\/pillandco.fr\/?page_id=1261#breadcrumb","itemListElement":[{"@type":"ListItem","position":1,"name":"Accueil","item":"https:\/\/pillandco.fr\/"},{"@type":"ListItem","position":2,"name":"Actualit\u00e9s"}]},{"@type":"WebSite","@id":"https:\/\/pillandco.fr\/#website","url":"https:\/\/pillandco.fr\/","name":"Pill and Co","description":"&quot;The Place to be ! &quot; des entrepreneurs gardois","publisher":{"@id":"https:\/\/pillandco.fr\/#organization"},"alternateName":"leo lagrange","potentialAction":[{"@type":"SearchAction","target":{"@type":"EntryPoint","urlTemplate":"https:\/\/pillandco.fr\/?s={search_term_string}"},"query-input":"required name=search_term_string"}],"inLanguage":"fr-FR"},{"@type":"Organization","@id":"https:\/\/pillandco.fr\/#organization","name":"Pill and Co","alternateName":"P\u00e9pini\u00e8re d'initiatives L\u00e9o Lagrange","url":"https:\/\/pillandco.fr\/","logo":{"@type":"ImageObject","inLanguage":"fr-FR","@id":"https:\/\/pillandco.fr\/#\/schema\/logo\/image\/","url":"https:\/\/pillandco.fr\/wp-content\/uploads\/2015\/02\/cropped-logo_335x167px-1.png","contentUrl":"https:\/\/pillandco.fr\/wp-content\/uploads\/2015\/02\/cropped-logo_335x167px-1.png","width":283,"height":167,"caption":"Pill and Co"},"image":{"@id":"https:\/\/pillandco.fr\/#\/schema\/logo\/image\/"},"sameAs":["https:\/\/www.facebook.com\/www.pillandco.fr\/","https:\/\/www.instagram.com\/pillandco\/"]}]}},"_links":{"self":[{"href":"https:\/\/pillandco.fr\/index.php?rest_route=\/wp\/v2\/pages\/1261","targetHints":{"allow":["GET"]}}],"collection":[{"href":"https:\/\/pillandco.fr\/index.php?rest_route=\/wp\/v2\/pages"}],"about":[{"href":"https:\/\/pillandco.fr\/index.php?rest_route=\/wp\/v2\/types\/page"}],"author":[{"embeddable":true,"href":"https:\/\/pillandco.fr\/index.php?rest_route=\/wp\/v2\/users\/1"}],"replies":[{"embeddable":true,"href":"https:\/\/pillandco.fr\/index.php?rest_route=%2Fwp%2Fv2%2Fcomments&post=1261"}],"version-history":[{"count":149,"href":"https:\/\/pillandco.fr\/index.php?rest_route=\/wp\/v2\/pages\/1261\/revisions"}],"predecessor-version":[{"id":2053,"href":"https:\/\/pillandco.fr\/index.php?rest_route=\/wp\/v2\/pages\/1261\/revisions\/2053"}],"wp:attachment":[{"href":"https:\/\/pillandco.fr\/index.php?rest_route=%2Fwp%2Fv2%2Fmedia&parent=1261"}],"curies":[{"name":"wp","href":"https:\/\/api.w.org\/{rel}","templated":true}]}}