{"id":1259,"date":"2023-05-22T11:22:00","date_gmt":"2023-05-22T10:22:00","guid":{"rendered":"https:\/\/pillandco.fr\/?page_id=1259"},"modified":"2024-03-13T15:56:36","modified_gmt":"2024-03-13T14:56:36","slug":"faq","status":"publish","type":"page","link":"https:\/\/pillandco.fr\/?page_id=1259","title":{"rendered":"FAQ"},"content":{"rendered":"\t\t<div data-elementor-type=\"wp-page\" data-elementor-id=\"1259\" class=\"elementor elementor-1259\">\n\t\t\t\t<div class=\"elementor-element elementor-element-d98ad8c e-flex e-con-boxed e-con e-parent\" data-id=\"d98ad8c\" data-element_type=\"container\" data-e-type=\"container\">\n\t\t\t\t\t<div class=\"e-con-inner\">\n\t\t\t\t<div class=\"elementor-element elementor-element-652f502 elementor-widget elementor-widget-image\" data-id=\"652f502\" data-element_type=\"widget\" data-e-type=\"widget\" data-widget_type=\"image.default\">\n\t\t\t\t<div class=\"elementor-widget-container\">\n\t\t\t\t\t\t\t\t\t\t\t\t\t\t\t<img fetchpriority=\"high\" decoding=\"async\" width=\"1024\" height=\"576\" src=\"https:\/\/pillandco.fr\/wp-content\/uploads\/2024\/03\/FOIRE-AUX-QUESTIONS-1024x576.jpg\" class=\"attachment-large size-large wp-image-2211\" alt=\"\" srcset=\"https:\/\/pillandco.fr\/wp-content\/uploads\/2024\/03\/FOIRE-AUX-QUESTIONS-1024x576.jpg 1024w, https:\/\/pillandco.fr\/wp-content\/uploads\/2024\/03\/FOIRE-AUX-QUESTIONS-300x169.jpg 300w, https:\/\/pillandco.fr\/wp-content\/uploads\/2024\/03\/FOIRE-AUX-QUESTIONS-768x432.jpg 768w, https:\/\/pillandco.fr\/wp-content\/uploads\/2024\/03\/FOIRE-AUX-QUESTIONS-1536x864.jpg 1536w, https:\/\/pillandco.fr\/wp-content\/uploads\/2024\/03\/FOIRE-AUX-QUESTIONS-107x60.jpg 107w, https:\/\/pillandco.fr\/wp-content\/uploads\/2024\/03\/FOIRE-AUX-QUESTIONS.jpg 1920w\" sizes=\"(max-width: 1024px) 100vw, 1024px\" \/>\t\t\t\t\t\t\t\t\t\t\t\t\t\t\t<\/div>\n\t\t\t\t<\/div>\n\t\t\t\t<div class=\"elementor-element elementor-element-bfbdebf elementor-widget elementor-widget-image\" data-id=\"bfbdebf\" data-element_type=\"widget\" data-e-type=\"widget\" data-widget_type=\"image.default\">\n\t\t\t\t<div class=\"elementor-widget-container\">\n\t\t\t\t\t\t\t\t\t\t\t\t\t\t\t<img decoding=\"async\" width=\"1024\" height=\"576\" src=\"https:\/\/pillandco.fr\/wp-content\/uploads\/2024\/03\/FOIRE-AUX-QUESTIONS-1-1024x576.jpg\" class=\"attachment-large size-large wp-image-2212\" alt=\"\" srcset=\"https:\/\/pillandco.fr\/wp-content\/uploads\/2024\/03\/FOIRE-AUX-QUESTIONS-1-1024x576.jpg 1024w, https:\/\/pillandco.fr\/wp-content\/uploads\/2024\/03\/FOIRE-AUX-QUESTIONS-1-300x169.jpg 300w, https:\/\/pillandco.fr\/wp-content\/uploads\/2024\/03\/FOIRE-AUX-QUESTIONS-1-768x432.jpg 768w, https:\/\/pillandco.fr\/wp-content\/uploads\/2024\/03\/FOIRE-AUX-QUESTIONS-1-1536x864.jpg 1536w, https:\/\/pillandco.fr\/wp-content\/uploads\/2024\/03\/FOIRE-AUX-QUESTIONS-1-107x60.jpg 107w, https:\/\/pillandco.fr\/wp-content\/uploads\/2024\/03\/FOIRE-AUX-QUESTIONS-1.jpg 1920w\" sizes=\"(max-width: 1024px) 100vw, 1024px\" \/>\t\t\t\t\t\t\t\t\t\t\t\t\t\t\t<\/div>\n\t\t\t\t<\/div>\n\t\t\t\t<div class=\"elementor-element elementor-element-4de1757 elementor-widget elementor-widget-image\" data-id=\"4de1757\" data-element_type=\"widget\" data-e-type=\"widget\" data-widget_type=\"image.default\">\n\t\t\t\t<div class=\"elementor-widget-container\">\n\t\t\t\t\t\t\t\t\t\t\t\t\t\t\t<img decoding=\"async\" width=\"1024\" height=\"576\" src=\"https:\/\/pillandco.fr\/wp-content\/uploads\/2024\/03\/FOIRE-AUX-QUESTIONS-5-1024x576.jpg\" class=\"attachment-large size-large wp-image-2220\" alt=\"\" srcset=\"https:\/\/pillandco.fr\/wp-content\/uploads\/2024\/03\/FOIRE-AUX-QUESTIONS-5-1024x576.jpg 1024w, https:\/\/pillandco.fr\/wp-content\/uploads\/2024\/03\/FOIRE-AUX-QUESTIONS-5-300x169.jpg 300w, https:\/\/pillandco.fr\/wp-content\/uploads\/2024\/03\/FOIRE-AUX-QUESTIONS-5-768x432.jpg 768w, https:\/\/pillandco.fr\/wp-content\/uploads\/2024\/03\/FOIRE-AUX-QUESTIONS-5-1536x864.jpg 1536w, https:\/\/pillandco.fr\/wp-content\/uploads\/2024\/03\/FOIRE-AUX-QUESTIONS-5-107x60.jpg 107w, https:\/\/pillandco.fr\/wp-content\/uploads\/2024\/03\/FOIRE-AUX-QUESTIONS-5.jpg 1920w\" sizes=\"(max-width: 1024px) 100vw, 1024px\" \/>\t\t\t\t\t\t\t\t\t\t\t\t\t\t\t<\/div>\n\t\t\t\t<\/div>\n\t\t\t\t\t<\/div>\n\t\t\t\t<\/div>\n\t\t\t\t<\/div>\n\t\t","protected":false},"excerpt":{"rendered":"","protected":false},"author":1,"featured_media":0,"parent":0,"menu_order":0,"comment_status":"closed","ping_status":"closed","template":"","meta":{"footnotes":""},"class_list":["post-1259","page","type-page","status-publish","hentry"],"yoast_head":"<!-- This site is optimized with the Yoast SEO plugin v22.2 - https:\/\/yoast.com\/wordpress\/plugins\/seo\/ -->\n<title>FAQ - Pill and Co<\/title>\n<meta name=\"robots\" content=\"index, follow, max-snippet:-1, max-image-preview:large, max-video-preview:-1\" \/>\n<link rel=\"canonical\" href=\"https:\/\/pillandco.fr\/?page_id=1259\" \/>\n<meta property=\"og:locale\" content=\"fr_FR\" \/>\n<meta property=\"og:type\" content=\"article\" \/>\n<meta property=\"og:title\" content=\"FAQ - Pill and Co\" \/>\n<meta property=\"og:url\" content=\"https:\/\/pillandco.fr\/?page_id=1259\" \/>\n<meta property=\"og:site_name\" content=\"Pill and Co\" \/>\n<meta property=\"article:publisher\" content=\"https:\/\/www.facebook.com\/www.pillandco.fr\/\" \/>\n<meta property=\"article:modified_time\" content=\"2024-03-13T14:56:36+00:00\" \/>\n<meta property=\"og:image\" content=\"https:\/\/pillandco.fr\/wp-content\/uploads\/2024\/03\/FOIRE-AUX-QUESTIONS-1024x576.jpg\" \/>\n<meta name=\"twitter:card\" content=\"summary_large_image\" \/>\n<meta name=\"twitter:label1\" content=\"Dur\u00e9e de lecture estim\u00e9e\" \/>\n\t<meta name=\"twitter:data1\" content=\"1 minute\" \/>\n<script type=\"application\/ld+json\" class=\"yoast-schema-graph\">{\"@context\":\"https:\/\/schema.org\",\"@graph\":[{\"@type\":\"WebPage\",\"@id\":\"https:\/\/pillandco.fr\/?page_id=1259\",\"url\":\"https:\/\/pillandco.fr\/?page_id=1259\",\"name\":\"FAQ - Pill and Co\",\"isPartOf\":{\"@id\":\"https:\/\/pillandco.fr\/#website\"},\"primaryImageOfPage\":{\"@id\":\"https:\/\/pillandco.fr\/?page_id=1259#primaryimage\"},\"image\":{\"@id\":\"https:\/\/pillandco.fr\/?page_id=1259#primaryimage\"},\"thumbnailUrl\":\"https:\/\/pillandco.fr\/wp-content\/uploads\/2024\/03\/FOIRE-AUX-QUESTIONS-1024x576.jpg\",\"datePublished\":\"2023-05-22T10:22:00+00:00\",\"dateModified\":\"2024-03-13T14:56:36+00:00\",\"breadcrumb\":{\"@id\":\"https:\/\/pillandco.fr\/?page_id=1259#breadcrumb\"},\"inLanguage\":\"fr-FR\",\"potentialAction\":[{\"@type\":\"ReadAction\",\"target\":[\"https:\/\/pillandco.fr\/?page_id=1259\"]}]},{\"@type\":\"ImageObject\",\"inLanguage\":\"fr-FR\",\"@id\":\"https:\/\/pillandco.fr\/?page_id=1259#primaryimage\",\"url\":\"https:\/\/pillandco.fr\/wp-content\/uploads\/2024\/03\/FOIRE-AUX-QUESTIONS.jpg\",\"contentUrl\":\"https:\/\/pillandco.fr\/wp-content\/uploads\/2024\/03\/FOIRE-AUX-QUESTIONS.jpg\",\"width\":1920,\"height\":1080},{\"@type\":\"BreadcrumbList\",\"@id\":\"https:\/\/pillandco.fr\/?page_id=1259#breadcrumb\",\"itemListElement\":[{\"@type\":\"ListItem\",\"position\":1,\"name\":\"Accueil\",\"item\":\"https:\/\/pillandco.fr\/\"},{\"@type\":\"ListItem\",\"position\":2,\"name\":\"FAQ\"}]},{\"@type\":\"WebSite\",\"@id\":\"https:\/\/pillandco.fr\/#website\",\"url\":\"https:\/\/pillandco.fr\/\",\"name\":\"Pill and Co\",\"description\":\"&quot;The Place to be ! &quot; des entrepreneurs gardois\",\"publisher\":{\"@id\":\"https:\/\/pillandco.fr\/#organization\"},\"alternateName\":\"leo lagrange\",\"potentialAction\":[{\"@type\":\"SearchAction\",\"target\":{\"@type\":\"EntryPoint\",\"urlTemplate\":\"https:\/\/pillandco.fr\/?s={search_term_string}\"},\"query-input\":\"required name=search_term_string\"}],\"inLanguage\":\"fr-FR\"},{\"@type\":\"Organization\",\"@id\":\"https:\/\/pillandco.fr\/#organization\",\"name\":\"Pill and Co\",\"alternateName\":\"P\u00e9pini\u00e8re d'initiatives L\u00e9o Lagrange\",\"url\":\"https:\/\/pillandco.fr\/\",\"logo\":{\"@type\":\"ImageObject\",\"inLanguage\":\"fr-FR\",\"@id\":\"https:\/\/pillandco.fr\/#\/schema\/logo\/image\/\",\"url\":\"https:\/\/pillandco.fr\/wp-content\/uploads\/2015\/02\/cropped-logo_335x167px-1.png\",\"contentUrl\":\"https:\/\/pillandco.fr\/wp-content\/uploads\/2015\/02\/cropped-logo_335x167px-1.png\",\"width\":283,\"height\":167,\"caption\":\"Pill and Co\"},\"image\":{\"@id\":\"https:\/\/pillandco.fr\/#\/schema\/logo\/image\/\"},\"sameAs\":[\"https:\/\/www.facebook.com\/www.pillandco.fr\/\",\"https:\/\/www.instagram.com\/pillandco\/\"]}]}<\/script>\n<!-- \/ Yoast SEO plugin. -->","yoast_head_json":{"title":"FAQ - Pill and Co","robots":{"index":"index","follow":"follow","max-snippet":"max-snippet:-1","max-image-preview":"max-image-preview:large","max-video-preview":"max-video-preview:-1"},"canonical":"https:\/\/pillandco.fr\/?page_id=1259","og_locale":"fr_FR","og_type":"article","og_title":"FAQ - Pill and Co","og_url":"https:\/\/pillandco.fr\/?page_id=1259","og_site_name":"Pill and Co","article_publisher":"https:\/\/www.facebook.com\/www.pillandco.fr\/","article_modified_time":"2024-03-13T14:56:36+00:00","og_image":[{"url":"https:\/\/pillandco.fr\/wp-content\/uploads\/2024\/03\/FOIRE-AUX-QUESTIONS-1024x576.jpg"}],"twitter_card":"summary_large_image","twitter_misc":{"Dur\u00e9e de lecture estim\u00e9e":"1 minute"},"schema":{"@context":"https:\/\/schema.org","@graph":[{"@type":"WebPage","@id":"https:\/\/pillandco.fr\/?page_id=1259","url":"https:\/\/pillandco.fr\/?page_id=1259","name":"FAQ - Pill and Co","isPartOf":{"@id":"https:\/\/pillandco.fr\/#website"},"primaryImageOfPage":{"@id":"https:\/\/pillandco.fr\/?page_id=1259#primaryimage"},"image":{"@id":"https:\/\/pillandco.fr\/?page_id=1259#primaryimage"},"thumbnailUrl":"https:\/\/pillandco.fr\/wp-content\/uploads\/2024\/03\/FOIRE-AUX-QUESTIONS-1024x576.jpg","datePublished":"2023-05-22T10:22:00+00:00","dateModified":"2024-03-13T14:56:36+00:00","breadcrumb":{"@id":"https:\/\/pillandco.fr\/?page_id=1259#breadcrumb"},"inLanguage":"fr-FR","potentialAction":[{"@type":"ReadAction","target":["https:\/\/pillandco.fr\/?page_id=1259"]}]},{"@type":"ImageObject","inLanguage":"fr-FR","@id":"https:\/\/pillandco.fr\/?page_id=1259#primaryimage","url":"https:\/\/pillandco.fr\/wp-content\/uploads\/2024\/03\/FOIRE-AUX-QUESTIONS.jpg","contentUrl":"https:\/\/pillandco.fr\/wp-content\/uploads\/2024\/03\/FOIRE-AUX-QUESTIONS.jpg","width":1920,"height":1080},{"@type":"BreadcrumbList","@id":"https:\/\/pillandco.fr\/?page_id=1259#breadcrumb","itemListElement":[{"@type":"ListItem","position":1,"name":"Accueil","item":"https:\/\/pillandco.fr\/"},{"@type":"ListItem","position":2,"name":"FAQ"}]},{"@type":"WebSite","@id":"https:\/\/pillandco.fr\/#website","url":"https:\/\/pillandco.fr\/","name":"Pill and Co","description":"&quot;The Place to be ! &quot; des entrepreneurs gardois","publisher":{"@id":"https:\/\/pillandco.fr\/#organization"},"alternateName":"leo lagrange","potentialAction":[{"@type":"SearchAction","target":{"@type":"EntryPoint","urlTemplate":"https:\/\/pillandco.fr\/?s={search_term_string}"},"query-input":"required name=search_term_string"}],"inLanguage":"fr-FR"},{"@type":"Organization","@id":"https:\/\/pillandco.fr\/#organization","name":"Pill and Co","alternateName":"P\u00e9pini\u00e8re d'initiatives L\u00e9o Lagrange","url":"https:\/\/pillandco.fr\/","logo":{"@type":"ImageObject","inLanguage":"fr-FR","@id":"https:\/\/pillandco.fr\/#\/schema\/logo\/image\/","url":"https:\/\/pillandco.fr\/wp-content\/uploads\/2015\/02\/cropped-logo_335x167px-1.png","contentUrl":"https:\/\/pillandco.fr\/wp-content\/uploads\/2015\/02\/cropped-logo_335x167px-1.png","width":283,"height":167,"caption":"Pill and Co"},"image":{"@id":"https:\/\/pillandco.fr\/#\/schema\/logo\/image\/"},"sameAs":["https:\/\/www.facebook.com\/www.pillandco.fr\/","https:\/\/www.instagram.com\/pillandco\/"]}]}},"_links":{"self":[{"href":"https:\/\/pillandco.fr\/index.php?rest_route=\/wp\/v2\/pages\/1259","targetHints":{"allow":["GET"]}}],"collection":[{"href":"https:\/\/pillandco.fr\/index.php?rest_route=\/wp\/v2\/pages"}],"about":[{"href":"https:\/\/pillandco.fr\/index.php?rest_route=\/wp\/v2\/types\/page"}],"author":[{"embeddable":true,"href":"https:\/\/pillandco.fr\/index.php?rest_route=\/wp\/v2\/users\/1"}],"replies":[{"embeddable":true,"href":"https:\/\/pillandco.fr\/index.php?rest_route=%2Fwp%2Fv2%2Fcomments&post=1259"}],"version-history":[{"count":31,"href":"https:\/\/pillandco.fr\/index.php?rest_route=\/wp\/v2\/pages\/1259\/revisions"}],"predecessor-version":[{"id":2223,"href":"https:\/\/pillandco.fr\/index.php?rest_route=\/wp\/v2\/pages\/1259\/revisions\/2223"}],"wp:attachment":[{"href":"https:\/\/pillandco.fr\/index.php?rest_route=%2Fwp%2Fv2%2Fmedia&parent=1259"}],"curies":[{"name":"wp","href":"https:\/\/api.w.org\/{rel}","templated":true}]}}